{"id":587,"date":"2017-11-03T16:50:36","date_gmt":"2017-11-03T16:50:36","guid":{"rendered":"http:\/\/capex.or.cr\/inicio\/?page_id=587"},"modified":"2020-09-02T10:28:46","modified_gmt":"2020-09-02T16:28:46","slug":"normativa","status":"publish","type":"page","link":"https:\/\/capex.or.cr\/inicio\/normativa\/","title":{"rendered":"Normativa"},"content":{"rendered":"<div>\n<h2 style=\"text-align: center; visibility: visible; animation-duration: 0.5s; animation-name: fadeInUp;\">Legislaci\u00f3n<\/h2>\n<p style=\"text-align: justify;\" align=\"justify\"><img loading=\"lazy\" class=\"size-medium wp-image-843 alignleft\" style=\"padding-right: 5px; padding-bottom: 5px; border: 0px;\" src=\"http:\/\/capex.or.cr\/inicio\/wp-content\/uploads\/2017\/11\/costa-rica-legislacion-300x201.jpg\" alt=\"\" width=\"300\" height=\"201\" \/>Costa Rica cuenta con un Gobierno Central y 82 Gobiernos Locales. El Ministerio de Obras P\u00fablicas y Transportes (MOPT) es la instituci\u00f3n encargada de registrar las empresas que se dedican a la publicidad exterior. Tambi\u00e9n es responsable de aplicar la regulaci\u00f3n respecto a la instalaci\u00f3n, construcci\u00f3n, reconstrucci\u00f3n, exhibici\u00f3n y colocaci\u00f3n de publicidad exterior que se encuentra en los terrenos adyacentes al derecho de v\u00eda de la red vial nacional, con el fin de garantizar la seguridad vial.<br \/>\nPor su parte, los Gobiernos Locales o Municipalidades tradicionalmente se han responsabilizado por el tama\u00f1o y ubicaci\u00f3n de los r\u00f3tulos de funcionamiento de los patentados. Igualmente, son los responsables de la aplicar la regulaci\u00f3n respecto a la publicidad exterior que se encuentra en los terrenos adyacentes al derecho de v\u00eda de la red vial cantonal.<\/p>\n<h2 style=\"visibility: visible; animation-duration: 0.5s; animation-name: fadeInUp; text-align: center;\">Normativa<\/h2>\n<ul>\n<li>&#8211; Enlace para consulta de normativa nacional: <a href=\"http:\/\/www.pgrweb.go.cr\/scij\/\">www.pgrweb.go.cr\/scij\/<\/a><\/li>\n<\/ul>\n<ul>\n<li>&#8211; Ley de Tr\u00e1nsito por V\u00edas P\u00fablicas Terrestres y Seguridad Vial, Ley No. 9078 y sus reformas.<\/li>\n<\/ul>\n<ul>\n<li>&#8211; Reglamento de los Derechos de V\u00eda y Publicidad Exterior, Decreto Ejecutivo No. 29253-MOPT.<\/li>\n<\/ul>\n<ul>\n<li>&#8211; Ley de Construcciones, No. 833 y sus reformas.<\/li>\n<\/ul>\n<ul>\n<li>&#8211; Reglamento de Construcciones del Instituto Nacional de Vivienda y Urbanismo.<\/li>\n<\/ul>\n<ul>\n<li>&#8211; C\u00f3digo Municipal, No. 7794 y sus reformas.<\/li>\n<\/ul>\n<ul>\n<li>&#8211; Ley Org\u00e1nica del Ambiente, No. 7554 y sus reformas.<\/li>\n<\/ul>\n<ul>\n<li>&#8211; Reglamento para la Prevenci\u00f3n de la Contaminaci\u00f3n Visual, Decreto Ejecutivo No.35860-MINAET.<\/li>\n<\/ul>\n<ul>\n<li>&#8211; Ley de Impuesto Municipales del Cant\u00f3n de Alajuela, No.8236.<\/li>\n<\/ul>\n<ul>\n<li>&#8211; Plan Regulador Parcial del Cant\u00f3n de El Guarco.<\/li>\n<\/ul>\n<ul>\n<li>&#8211; Ley de Impuestos Municipales del Cant\u00f3n de El Guarco, No. 9237.<\/li>\n<\/ul>\n<ul>\n<li>&#8211; Plan Regulador Urbano y Rural del Cant\u00f3n de Grecia.<\/li>\n<\/ul>\n<ul>\n<li>&#8211; Reglamento de Construcciones del Cant\u00f3n Jim\u00e9nez.<\/li>\n<\/ul>\n<ul>\n<li>&#8211; Plan Regulador del Cant\u00f3n de Ca\u00f1as, Guanacaste.<\/li>\n<\/ul>\n<ul>\n<li>&#8211; Licencias para actividades lucrativas y no lucrativas del cant\u00f3n de Ca\u00f1as, Ley No. 9109.<\/li>\n<\/ul>\n<ul>\n<li>&#8211; Ley de impuestos municipales del cant\u00f3n central de Heredia, Ley No. 9023.<\/li>\n<\/ul>\n<ul>\n<li>&#8211; Reglamento a la Ley 9023. Impuestos Municipales de Cant\u00f3n Central de Heredia.<\/li>\n<\/ul>\n<ul>\n<li>&#8211; Plan Regulador de Lim\u00f3n (Reglamento de Zonificaci\u00f3n).<\/li>\n<\/ul>\n<ul>\n<li>&#8211; Reglamento para la instalaci\u00f3n de anuncios y r\u00f3tulos r\u00e9gimen de aplicaci\u00f3n del impuesto por la instalaci\u00f3n de anuncios r\u00f3tulos en la Municipalidad de Lim\u00f3n.<\/li>\n<\/ul>\n<ul>\n<li>&#8211; Ley de Impuestos Municipales del cant\u00f3n de Pococ\u00ed, No.8582.<\/li>\n<\/ul>\n<ul>\n<li>&#8211; Ley de Impuestos Municipales del Cant\u00f3n de Talamanca, No.8778.<\/li>\n<\/ul>\n<ul>\n<li>&#8211; Plan regulador Reglamento de zonificaci\u00f3n del uso de suelo de la Ciudad de Quepos (integraci\u00f3n de la variable ambiental) (Aguirre).<\/li>\n<\/ul>\n<ul>\n<li>&#8211; Reglamentaci\u00f3n del Plan Regulador Integral de Esparza.<\/li>\n<\/ul>\n<ul>\n<li>&#8211; Plan Regulador de la Ciudad de Puntarenas Propuesta de Zonificaci\u00f3n sobre el Uso Actual al Distrito Primero del Cant\u00f3n de Puntarenas.<\/li>\n<\/ul>\n<ul>\n<li>&#8211; Reglamento sobre el uso, mantenimiento y protecci\u00f3n de parques y espacios p\u00fablicos de la Municipalidad de Orotina.<\/li>\n<\/ul>\n<ul>\n<li>&#8211; Ley de patentes del cant\u00f3n de Curridabat, No. 9185.<\/li>\n<\/ul>\n<ul>\n<li>&#8211; Reglamento para licencias municipales de la Municipalidad de Curridabat.<\/li>\n<\/ul>\n<ul>\n<li>&#8211; Plan de Ordenamiento Territorial del Cant\u00f3n de Desamparados Provincia de San Jos\u00e9.<\/li>\n<\/ul>\n<ul>\n<li>&#8211; Ley de patentes del cant\u00f3n de Desamparados, No. 9110.<\/li>\n<\/ul>\n<ul>\n<li>&#8211; Plan Regulador de la Municipalidad de Escaz\u00fa.<\/li>\n<\/ul>\n<ul>\n<li>&#8211; Ley de Patentes Municipales Comerciales de la Municipalidad de Moravia, No. 8658.<\/li>\n<\/ul>\n<ul>\n<li>&#8211; Reglamentaci\u00f3n del Plan Regulador del Cant\u00f3n de Moravia.<\/li>\n<\/ul>\n<ul>\n<li>&#8211; Ley de Impuesto de patentes y regulaci\u00f3n de juegos del cant\u00f3n de Puriscal, No. 9015.<\/li>\n<\/ul>\n<ul>\n<li>&#8211; Reglamento del Plan Regulador del Cant\u00f3n de V\u00e1squez de Coronado.<\/li>\n<\/ul>\n<\/div>\n","protected":false},"excerpt":{"rendered":"<p>Legislaci\u00f3n Costa Rica cuenta con un Gobierno Central y 82 Gobiernos Locales. El Ministerio de Obras P\u00fablicas y Transportes (MOPT) es la instituci\u00f3n encargada de registrar las empresas que se dedican a la publicidad exterior. Tambi\u00e9n es responsable de aplicar la regulaci\u00f3n respecto a la instalaci\u00f3n, construcci\u00f3n, reconstrucci\u00f3n, exhibici\u00f3n y colocaci\u00f3n de publicidad exterior que&#8230;<\/p>\n","protected":false},"author":1,"featured_media":0,"parent":0,"menu_order":0,"comment_status":"closed","ping_status":"closed","template":"","meta":[],"_links":{"self":[{"href":"https:\/\/capex.or.cr\/inicio\/wp-json\/wp\/v2\/pages\/587"}],"collection":[{"href":"https:\/\/capex.or.cr\/inicio\/wp-json\/wp\/v2\/pages"}],"about":[{"href":"https:\/\/capex.or.cr\/inicio\/wp-json\/wp\/v2\/types\/page"}],"author":[{"embeddable":true,"href":"https:\/\/capex.or.cr\/inicio\/wp-json\/wp\/v2\/users\/1"}],"replies":[{"embeddable":true,"href":"https:\/\/capex.or.cr\/inicio\/wp-json\/wp\/v2\/comments?post=587"}],"version-history":[{"count":10,"href":"https:\/\/capex.or.cr\/inicio\/wp-json\/wp\/v2\/pages\/587\/revisions"}],"predecessor-version":[{"id":900,"href":"https:\/\/capex.or.cr\/inicio\/wp-json\/wp\/v2\/pages\/587\/revisions\/900"}],"wp:attachment":[{"href":"https:\/\/capex.or.cr\/inicio\/wp-json\/wp\/v2\/media?parent=587"}],"curies":[{"name":"wp","href":"https:\/\/api.w.org\/{rel}","templated":true}]}}