{"id":905,"date":"2020-09-02T10:48:34","date_gmt":"2020-09-02T16:48:34","guid":{"rendered":"https:\/\/capex.or.cr\/inicio\/?page_id=905"},"modified":"2020-09-02T10:48:35","modified_gmt":"2020-09-02T16:48:35","slug":"quienes-somos","status":"publish","type":"page","link":"https:\/\/capex.or.cr\/inicio\/quienes-somos\/","title":{"rendered":"Quienes Somos"},"content":{"rendered":"<div>\n<h2 style=\"text-align: center; visibility: visible; animation-duration: 0.5s; animation-name: fadeInUp;\">Qui\u00e9nes Somos<\/h2>\n<p style=\"text-align: justify;\" align=\"justify\">La C\u00e1mara de Publicidad Exterior (CAPEX) es una asociaci\u00f3n de empresarios dedicados a la publicidad exterior en Costa Rica. Naci\u00f3 en 1.996 ante la necesidad de conciliar con las autoridades regulaciones que permitieran el ejercicio de la actividad, de una manera ordenada y consecuente con los principios de libertad de expresi\u00f3n y empresarial..<\/p>\n<\/div>\n","protected":false},"excerpt":{"rendered":"<p>Qui\u00e9nes Somos La C\u00e1mara de Publicidad Exterior (CAPEX) es una asociaci\u00f3n de empresarios dedicados a la publicidad exterior en Costa Rica. Naci\u00f3 en 1.996 ante la necesidad de conciliar con las autoridades regulaciones que permitieran el ejercicio de la actividad, de una manera ordenada y consecuente con los principios de libertad de expresi\u00f3n y empresarial..<\/p>\n","protected":false},"author":1,"featured_media":0,"parent":0,"menu_order":0,"comment_status":"closed","ping_status":"closed","template":"","meta":[],"_links":{"self":[{"href":"https:\/\/capex.or.cr\/inicio\/wp-json\/wp\/v2\/pages\/905"}],"collection":[{"href":"https:\/\/capex.or.cr\/inicio\/wp-json\/wp\/v2\/pages"}],"about":[{"href":"https:\/\/capex.or.cr\/inicio\/wp-json\/wp\/v2\/types\/page"}],"author":[{"embeddable":true,"href":"https:\/\/capex.or.cr\/inicio\/wp-json\/wp\/v2\/users\/1"}],"replies":[{"embeddable":true,"href":"https:\/\/capex.or.cr\/inicio\/wp-json\/wp\/v2\/comments?post=905"}],"version-history":[{"count":1,"href":"https:\/\/capex.or.cr\/inicio\/wp-json\/wp\/v2\/pages\/905\/revisions"}],"predecessor-version":[{"id":906,"href":"https:\/\/capex.or.cr\/inicio\/wp-json\/wp\/v2\/pages\/905\/revisions\/906"}],"wp:attachment":[{"href":"https:\/\/capex.or.cr\/inicio\/wp-json\/wp\/v2\/media?parent=905"}],"curies":[{"name":"wp","href":"https:\/\/api.w.org\/{rel}","templated":true}]}}